{"id":11840,"date":"2023-12-18T06:00:23","date_gmt":"2023-12-18T06:00:23","guid":{"rendered":"https:\/\/www.aploxn-wp.egenslab.com\/?page_id=24"},"modified":"2024-03-26T10:05:57","modified_gmt":"2024-03-26T09:05:57","slug":"about","status":"publish","type":"page","link":"https:\/\/marchfirst.no\/nb\/about\/","title":{"rendered":"Om oss"},"content":{"rendered":"<div data-elementor-type=\"wp-page\" data-elementor-id=\"11840\" class=\"elementor elementor-11840\" data-elementor-post-type=\"page\">\n\t\t\t\t<div class=\"elementor-element elementor-element-e0df648 e-con-full e-flex e-con e-parent\" data-id=\"e0df648\" data-element_type=\"container\">\n\t\t\t\t<div class=\"elementor-element elementor-element-1de048a elementor-widget elementor-widget-aploxn_mission\" data-id=\"1de048a\" data-element_type=\"widget\" data-widget_type=\"aploxn_mission.default\">\n\t\t\t\t<div class=\"elementor-widget-container\">\n\t\t\t\t\t        <div class=\"mission-section\">\r\n            <div class=\"container-fluid one pl--95\">\r\n                <div class=\"row g-lg-4 gy-5\">\r\n                    <div class=\"col-lg-4\">\r\n                                                    <div class=\"mission-img\">\r\n                                <img decoding=\"async\" src=\"http:\/\/marchfirst.no\/wp-content\/uploads\/2024\/02\/Munkedamsveien_35-027.jpg\" alt=\"Image \">\r\n                            <\/div>\r\n                                            <\/div>\r\n                    <div class=\"col-lg-8 pl--95\">\r\n                        <div class=\"mission-content-wrap\">\r\n                            <div class=\"mission-content-top\">\r\n                                <div class=\"section-title1 w-890\">\r\n                                                                            <h2>Hvem Vi Er<\/h2>\r\n                                                                    <\/div>\r\n                                                                    <p>MarchFirst er en uavhengig og partner-eid M&amp;A-boutique som fokuserer p\u00e5 nordiske SMB-er. Selskapet ble stiftet i 2000 og har v\u00e6rt involvert i flere hundre transaksjoner i de fleste sektorer og alle aktivaklasser. Vi er lokalisert sv\u00e6rt sentralt i Oslo. Vi har omfattende erfaring, et bredt nettverk, og evnen til \u00e5 gjennomf\u00f8re komplekse prosesser med entusiasme. Vi opplever mye gjentakende forretning fra v\u00e5rt nettverk, og vi sikter mot \u00e5 v\u00e6re en langsiktig og p\u00e5litelig partner for v\u00e5re kunder. N\u00e5r v\u00e5re kunder lykkes \u2013 lykkes vi.<\/p>\r\n                                                                                            <\/div>\r\n                                                            <div class=\"mission-content-bottom\">\r\n                                                                            <h3>V\u00e5re Verdier<\/h3>\r\n                                                                        <p>Selskapets fremste verdier er integritet, uavhengighet og utholdenhet. \n<\/p>\r\n                                    <p class=\"moretext\"><\/p>\r\n                                    <a class=\"moreless-button\"><\/a>\r\n                                <\/div>\r\n                                                            <div class=\"mission-content-bottom\">\r\n                                                                            <h3>Integritet<\/h3>\r\n                                                                        <p><\/p>\r\n                                    <p class=\"moretext\">Vi forst\u00e5r viktigheten av \u00e5 behandle alle oppdrag med den st\u00f8rste konfidensialitet. Det som er optimalt for v\u00e5re kunder, er bra for oss, i den rekkef\u00f8lgen.<\/p>\r\n                                    <a class=\"moreless-button\">Les Mer<\/a>\r\n                                <\/div>\r\n                                                            <div class=\"mission-content-bottom\">\r\n                                                                            <h3>Uavhengighet<\/h3>\r\n                                                                        <p><\/p>\r\n                                    <p class=\"moretext\">Vi tilbyr uavhengig service til v\u00e5re kunder - fri for enhver interessekonflikt.<\/p>\r\n                                    <a class=\"moreless-button\">Les Mer<\/a>\r\n                                <\/div>\r\n                                                            <div class=\"mission-content-bottom\">\r\n                                                                            <h3>Utholdenhet<\/h3>\r\n                                                                        <p><\/p>\r\n                                    <p class=\"moretext\"> Vi er entusiastiske og energiske i alle v\u00e5re tjenester, og vi tror p\u00e5 langvarige forhold med v\u00e5re kunder.<\/p>\r\n                                    <a class=\"moreless-button\">Les Mer<\/a>\r\n                                <\/div>\r\n                                                    <\/div>\r\n                    <\/div>\r\n                <\/div>\r\n            <\/div>\r\n        <\/div>\r\n\r\n\t\t\t\t<\/div>\n\t\t\t\t<\/div>\n\t\t\t\t<\/div>\n\t\t<div class=\"elementor-element elementor-element-2e00900 e-flex e-con-boxed e-con e-parent\" data-id=\"2e00900\" data-element_type=\"container\">\n\t\t\t\t\t<div class=\"e-con-inner\">\n\t\t\t\t<div class=\"elementor-element elementor-element-ade8fdf elementor-widget elementor-widget-image\" data-id=\"ade8fdf\" data-element_type=\"widget\" data-widget_type=\"image.default\">\n\t\t\t\t<div class=\"elementor-widget-container\">\n\t\t\t\t\t\t\t\t\t\t\t\t<figure class=\"wp-caption\">\n\t\t\t\t\t\t\t\t\t\t<img decoding=\"async\" src=\"https:\/\/marchfirst.no\/wp-content\/uploads\/2024\/03\/Small-8-1.jpg\" title=\"Small-8\" alt=\"Small-8\" loading=\"lazy\" \/>\t\t\t\t\t\t\t\t\t\t\t<figcaption class=\"widget-image-caption wp-caption-text\">From left to right: Eirik Wekre, Petter Mannsverk Andresen, Alexander \u00c5byholm, Fernando Lopez, Joakim Jensen <\/figcaption>\n\t\t\t\t\t\t\t\t\t\t<\/figure>\n\t\t\t\t\t\t\t\t\t<\/div>\n\t\t\t\t<\/div>\n\t\t\t\t\t<\/div>\n\t\t\t\t<\/div>\n\t\t\t\t<\/div>","protected":false},"excerpt":{"rendered":"<p>Who We Are MarchFirst is an independent and partner owned M&amp;A boutique focusing on Nordic SME\u2019s. The company was incorporated in 2000 and has been involved in several hundred transactions in most sectors and all asset classes. We are located very centrally in Oslo. We have extensive experience, a broad network, and the ability to [&hellip;]<\/p>","protected":false},"author":8,"featured_media":0,"parent":0,"menu_order":0,"comment_status":"closed","ping_status":"closed","template":"","meta":{"_acf_changed":false,"om_disable_all_campaigns":false,"inline_featured_image":false,"_monsterinsights_skip_tracking":false,"_monsterinsights_sitenote_active":false,"_monsterinsights_sitenote_note":"","_monsterinsights_sitenote_category":0,"_uf_show_specific_survey":0,"_uf_disable_surveys":false,"footnotes":""},"class_list":["post-11840","page","type-page","status-publish","hentry"],"acf":[],"aioseo_notices":[],"_links":{"self":[{"href":"https:\/\/marchfirst.no\/nb\/wp-json\/wp\/v2\/pages\/11840","targetHints":{"allow":["GET"]}}],"collection":[{"href":"https:\/\/marchfirst.no\/nb\/wp-json\/wp\/v2\/pages"}],"about":[{"href":"https:\/\/marchfirst.no\/nb\/wp-json\/wp\/v2\/types\/page"}],"author":[{"embeddable":true,"href":"https:\/\/marchfirst.no\/nb\/wp-json\/wp\/v2\/users\/8"}],"replies":[{"embeddable":true,"href":"https:\/\/marchfirst.no\/nb\/wp-json\/wp\/v2\/comments?post=11840"}],"version-history":[{"count":0,"href":"https:\/\/marchfirst.no\/nb\/wp-json\/wp\/v2\/pages\/11840\/revisions"}],"wp:attachment":[{"href":"https:\/\/marchfirst.no\/nb\/wp-json\/wp\/v2\/media?parent=11840"}],"curies":[{"name":"wp","href":"https:\/\/api.w.org\/{rel}","templated":true}]}}