{"id":12639,"date":"2024-04-26T14:20:20","date_gmt":"2024-04-26T12:20:20","guid":{"rendered":"https:\/\/marchfirstnorw.wpenginepowered.com\/?page_id=12639"},"modified":"2024-04-30T09:22:19","modified_gmt":"2024-04-30T07:22:19","slug":"purehelp","status":"publish","type":"page","link":"https:\/\/marchfirst.no\/nb\/purehelp\/","title":{"rendered":"Veien til salg av et selskap: Timing, Prosess, og Verdivurdering"},"content":{"rendered":"<div data-elementor-type=\"wp-page\" data-elementor-id=\"12639\" class=\"elementor elementor-12639\" data-elementor-post-type=\"page\">\n\t\t\t\t<div class=\"elementor-element elementor-element-68f6cf3 e-con-full e-flex e-con e-parent\" data-id=\"68f6cf3\" data-element_type=\"container\">\n\t\t\t\t<\/div>\n\t\t<div class=\"elementor-element elementor-element-8a748b0 e-flex e-con-boxed e-con e-parent\" data-id=\"8a748b0\" data-element_type=\"container\">\n\t\t\t\t\t<div class=\"e-con-inner\">\n\t\t\t\t<div class=\"elementor-element elementor-element-6073244 elementor-widget elementor-widget-text-editor\" data-id=\"6073244\" data-element_type=\"widget\" data-widget_type=\"text-editor.default\">\n\t\t\t\t<div class=\"elementor-widget-container\">\n\t\t\t\t\t\t\t\t\t<p class=\"x_MsoNormal\"><i><span lang=\"NO-BOK\">\u00c5 bestemme seg for \u00e5 selge et selskap er en viktig avgj\u00f8relse som krever n\u00f8ye overveielse av flere faktorer. Det f\u00f8rste steget er \u00e5 vurdere om timingen er riktig. Dette kan avhenge av markedssituasjonen, selskapets prestasjoner, og personlige forhold.<\/span><\/i><\/p><p class=\"x_MsoNormal\"><i><span lang=\"NO-BOK\">\u00a0<\/span><\/i><\/p><p class=\"x_MsoNormal\"><i><span lang=\"NO-BOK\">N\u00e5r du har bestemt deg for \u00e5 selge, er neste skritt \u00e5 forberede selskapet for salg. Dette inkluderer \u00e5 dokumenterer selskapet (presentasjon), verdivurderinger, forberede due diligence, og \u00e5 skape en tiltalende forretningsprofil som tiltrekker kj\u00f8pere. Den faktiske salgsprosessen krever forhandling om betingelser, indikative bud og en endelig kj\u00f8psavtale.<\/span><\/i><\/p><p class=\"x_MsoNormal\"><i><span lang=\"NO-BOK\">\u00a0<\/span><\/i><\/p><p class=\"x_MsoNormal\"><i><span lang=\"NO-BOK\">En kritisk komponent i salgsprosessen er verdivurdering av selskapet. Verdivurderingen kan gj\u00f8res p\u00e5 flere m\u00e5ter, inkludert balansebaserte metoder og inntjeningsbaserte modeller. En n\u00f8yaktig verdivurdering er essensiell for \u00e5 fastsette en realistisk salgspris og for \u00e5 tiltrekke seg seri\u00f8se kj\u00f8pere.<\/span><\/i><\/p><p class=\"x_MsoNormal\"><i><span lang=\"NO-BOK\">\u00a0<\/span><\/i><\/p><p class=\"x_MsoNormal\"><i><span lang=\"NO-BOK\">\u00c5 selge et selskap er en kompleks prosess som krever grundig forberedelse og innsikt i \u00f8konomi, juridiske aspekter og markedsforhold. Med riktig forberedelse og forst\u00e5else av egen virksomhet vil eier kunne maksimere verdien av sitt selskap og sikre en profesjonell og forutsigbar overgang til de nye eierne.<\/span><\/i><\/p><p class=\"x_MsoNormal\"><i><span lang=\"NO-BOK\">\u00a0<\/span><\/i><\/p><p class=\"x_MsoNormal\"><i><span lang=\"NO-BOK\">\u00a0<\/span><\/i><\/p>\t\t\t\t\t\t\t\t<\/div>\n\t\t\t\t<\/div>\n\t\t\t\t\t<\/div>\n\t\t\t\t<\/div>\n\t\t<div class=\"elementor-element elementor-element-2e00900 e-flex e-con-boxed e-con e-parent\" data-id=\"2e00900\" data-element_type=\"container\">\n\t\t\t\t\t<div class=\"e-con-inner\">\n\t\t\t\t<div class=\"elementor-element elementor-element-ade8fdf elementor-widget elementor-widget-image\" data-id=\"ade8fdf\" data-element_type=\"widget\" data-widget_type=\"image.default\">\n\t\t\t\t<div class=\"elementor-widget-container\">\n\t\t\t\t\t\t\t\t\t\t\t\t<figure class=\"wp-caption\">\n\t\t\t\t\t\t\t\t\t\t<img fetchpriority=\"high\" decoding=\"async\" width=\"768\" height=\"512\" src=\"https:\/\/marchfirst.no\/wp-content\/uploads\/2024\/04\/Medium-10-768x512.jpg\" class=\"attachment-medium_large size-medium_large wp-image-12642\" alt=\"\" srcset=\"https:\/\/marchfirst.no\/wp-content\/uploads\/2024\/04\/Medium-10-768x512.jpg 768w, https:\/\/marchfirst.no\/wp-content\/uploads\/2024\/04\/Medium-10-300x200.jpg 300w, https:\/\/marchfirst.no\/wp-content\/uploads\/2024\/04\/Medium-10-1024x683.jpg 1024w, https:\/\/marchfirst.no\/wp-content\/uploads\/2024\/04\/Medium-10-1536x1024.jpg 1536w, https:\/\/marchfirst.no\/wp-content\/uploads\/2024\/04\/Medium-10-2048x1365.jpg 2048w, https:\/\/marchfirst.no\/wp-content\/uploads\/2024\/04\/Medium-10-18x12.jpg 18w\" sizes=\"(max-width: 768px) 100vw, 768px\" \/>\t\t\t\t\t\t\t\t\t\t\t<figcaption class=\"widget-image-caption wp-caption-text\">From left to right: Petter Mannsverk and Alexander \u00c5byholm<\/figcaption>\n\t\t\t\t\t\t\t\t\t\t<\/figure>\n\t\t\t\t\t\t\t\t\t<\/div>\n\t\t\t\t<\/div>\n\t\t\t\t\t<\/div>\n\t\t\t\t<\/div>\n\t\t<div class=\"elementor-element elementor-element-30aa52c e-flex e-con-boxed e-con e-parent\" data-id=\"30aa52c\" data-element_type=\"container\">\n\t\t\t\t\t<div class=\"e-con-inner\">\n\t\t\t\t<div class=\"elementor-element elementor-element-3687e9f elementor-widget__width-inherit elementor-widget elementor-widget-aploxn_contact\" data-id=\"3687e9f\" data-element_type=\"widget\" data-widget_type=\"aploxn_contact.default\">\n\t\t\t\t<div class=\"elementor-widget-container\">\n\t\t\t\t\t        <div class=\"contact-page\" style=\"background-image: url(); background-size: cover; background-repeat: no-repeat;\">\r\n            <div class=\"row g-lg-4 gy-5\">\r\n                <div class=\"single-location\">\r\n                    <div class=\"title-and-view-btn\">\r\n                                                    <h4>Oslo, Norway<\/h4>\r\n                                                                            <a href=\"#\" target=\"_blank\" rel=\"nofollow\">Se kart                                <svg xmlns=\"http:\/\/www.w3.org\/2000\/svg\" width=\"8\" height=\"8\" viewbox=\"0 0 8 8\">\r\n                                    <path d=\"M6.669 2.27202L0.94102 8L0 7.05898L5.72731 1.331H0.679478V0H8V7.32052H6.669V2.27202Z\"><\/path>\r\n                                <\/svg>\r\n                            <\/a>\r\n                                            <\/div>\r\n                    <ul>\r\n                                                    <li>\r\n                                                                    <div class=\"icon\">\r\n                                        <i aria-hidden=\"true\" class=\"fas fa-phone-square\"><\/i>                                    <\/div>\r\n                                                                <div class=\"info\">\r\n                                    <a href=\"tel:+47 995 44 421\">+47 995 44 421<\/a>\r\n                                    <a href=\"tel:\"><\/a>\r\n                                <\/div>\r\n                            <\/li>\r\n\r\n                                                                            <li>\r\n                                                                    <div class=\"icon\">\r\n                                        <i aria-hidden=\"true\" class=\"fas fa-envelope\"><\/i>                                    <\/div>\r\n                                                                <div class=\"info\">\r\n                                    <a href=\"mailto:aa@marchfirst.no\">aa@marchfirst.no<\/a>\r\n                                    <a href=\"mailto:\"><\/a>\r\n                                <\/div>\r\n                            <\/li>\r\n                        \r\n                                                    <li>\r\n                                                                    <div class=\"icon\">\r\n                                        <i aria-hidden=\"true\" class=\"fas fa-map-marker\"><\/i>                                    <\/div>\r\n                                                                     <div class=\"info\">\r\n                                        <a>Munkedamsveien 35, 0250 Oslo, Norway<\/a>\r\n                                    <\/div>\r\n                                                            <\/li>\r\n                                            <\/ul>\r\n\r\n                <\/div>\r\n            <\/div>\r\n        <\/div>\r\n\r\n\r\n\r\n\t\t\t\t<\/div>\n\t\t\t\t<\/div>\n\t\t\t\t\t<\/div>\n\t\t\t\t<\/div>\n\t\t\t\t<\/div>","protected":false},"excerpt":{"rendered":"<p>\u00c5 bestemme seg for \u00e5 selge et selskap er en viktig avgj\u00f8relse som krever n\u00f8ye overveielse av flere faktorer. Det f\u00f8rste steget er \u00e5 vurdere om timingen er riktig. Dette kan avhenge av markedssituasjonen, selskapets prestasjoner, og personlige forhold. \u00a0 N\u00e5r du har bestemt deg for \u00e5 selge, er neste skritt \u00e5 forberede selskapet for [&hellip;]<\/p>","protected":false},"author":8,"featured_media":0,"parent":0,"menu_order":0,"comment_status":"closed","ping_status":"closed","template":"","meta":{"_acf_changed":false,"om_disable_all_campaigns":false,"inline_featured_image":false,"_monsterinsights_skip_tracking":false,"_monsterinsights_sitenote_active":false,"_monsterinsights_sitenote_note":"","_monsterinsights_sitenote_category":0,"_uf_show_specific_survey":0,"_uf_disable_surveys":false,"footnotes":""},"class_list":["post-12639","page","type-page","status-publish","hentry"],"acf":[],"aioseo_notices":[],"_links":{"self":[{"href":"https:\/\/marchfirst.no\/nb\/wp-json\/wp\/v2\/pages\/12639","targetHints":{"allow":["GET"]}}],"collection":[{"href":"https:\/\/marchfirst.no\/nb\/wp-json\/wp\/v2\/pages"}],"about":[{"href":"https:\/\/marchfirst.no\/nb\/wp-json\/wp\/v2\/types\/page"}],"author":[{"embeddable":true,"href":"https:\/\/marchfirst.no\/nb\/wp-json\/wp\/v2\/users\/8"}],"replies":[{"embeddable":true,"href":"https:\/\/marchfirst.no\/nb\/wp-json\/wp\/v2\/comments?post=12639"}],"version-history":[{"count":0,"href":"https:\/\/marchfirst.no\/nb\/wp-json\/wp\/v2\/pages\/12639\/revisions"}],"wp:attachment":[{"href":"https:\/\/marchfirst.no\/nb\/wp-json\/wp\/v2\/media?parent=12639"}],"curies":[{"name":"wp","href":"https:\/\/api.w.org\/{rel}","templated":true}]}}